{"id":10893,"date":"2021-12-18T10:39:30","date_gmt":"2021-12-18T09:39:30","guid":{"rendered":"https:\/\/www.bevmat.eu\/bevmatshop\/?post_type=product&#038;p=10893"},"modified":"2021-12-18T10:40:01","modified_gmt":"2021-12-18T09:40:01","slug":"roehrchen-snap-on-fuer-kabelbeschriftung-o8-10-15x4","status":"publish","type":"product","link":"https:\/\/www.bevmat.eu\/bevmatshop\/?product=roehrchen-snap-on-fuer-kabelbeschriftung-o8-10-15x4","title":{"rendered":"R\u00f6hrchen SNAP-ON f\u00fcr Kabelbeschriftung | \u00f88-10 | 15&#215;4"},"content":{"rendered":"<p>f\u00fcr Kabel mit \u00f88-10mm<br \/>\npassendes Schild: 15x4mm (EVOCT15x)<\/p>\n","protected":false},"excerpt":{"rendered":"<p>Gerne stehen wir f\u00fcr Ihre Anfragen zu diesem Produkt zur Verf\u00fcgung!<br \/>\n<a href=\"mailto:office@bevmat.eu\" rel=\"noopener\" target=\"_blank\">office@bevmat.eu<\/a><\/p>\n<p>zum Einschieben von Beschriftungsschildern<br \/>\nSchild ist extra zu bestellen!<\/p>\n","protected":false},"featured_media":10883,"template":"","meta":[],"product_brand":[],"product_cat":[254,256],"product_tag":[],"class_list":{"0":"post-10893","1":"product","2":"type-product","3":"status-publish","4":"has-post-thumbnail","6":"product_cat-druckdienstleistung","7":"product_cat-kabelbeschriftung","9":"first","10":"instock","11":"taxable","12":"shipping-taxable","13":"product-type-simple"},"_links":{"self":[{"href":"https:\/\/www.bevmat.eu\/bevmatshop\/index.php?rest_route=\/wp\/v2\/product\/10893","targetHints":{"allow":["GET"]}}],"collection":[{"href":"https:\/\/www.bevmat.eu\/bevmatshop\/index.php?rest_route=\/wp\/v2\/product"}],"about":[{"href":"https:\/\/www.bevmat.eu\/bevmatshop\/index.php?rest_route=\/wp\/v2\/types\/product"}],"wp:featuredmedia":[{"embeddable":true,"href":"https:\/\/www.bevmat.eu\/bevmatshop\/index.php?rest_route=\/wp\/v2\/media\/10883"}],"wp:attachment":[{"href":"https:\/\/www.bevmat.eu\/bevmatshop\/index.php?rest_route=%2Fwp%2Fv2%2Fmedia&parent=10893"}],"wp:term":[{"taxonomy":"product_brand","embeddable":true,"href":"https:\/\/www.bevmat.eu\/bevmatshop\/index.php?rest_route=%2Fwp%2Fv2%2Fproduct_brand&post=10893"},{"taxonomy":"product_cat","embeddable":true,"href":"https:\/\/www.bevmat.eu\/bevmatshop\/index.php?rest_route=%2Fwp%2Fv2%2Fproduct_cat&post=10893"},{"taxonomy":"product_tag","embeddable":true,"href":"https:\/\/www.bevmat.eu\/bevmatshop\/index.php?rest_route=%2Fwp%2Fv2%2Fproduct_tag&post=10893"}],"curies":[{"name":"wp","href":"https:\/\/api.w.org\/{rel}","templated":true}]}}