{"id":1390,"date":"2020-04-08T12:02:01","date_gmt":"2020-04-08T10:02:01","guid":{"rendered":"https:\/\/www.bevmat.eu\/bevmatshop\/?post_type=product&#038;p=1390"},"modified":"2021-09-28T11:13:43","modified_gmt":"2021-09-28T09:13:43","slug":"blindabdeckung-bv400-500","status":"publish","type":"product","link":"https:\/\/www.bevmat.eu\/bevmatshop\/?product=blindabdeckung-bv400-500","title":{"rendered":"Blindabdeckung BV400\/500"},"content":{"rendered":"<p>Schutzart: IP55<br \/>\nMaterial: Kunststoff<br \/>\nFarbe: RAL 7035<br \/>\ninkl. Dichtung<br \/>\nBefestigung ohne Schrauben<\/p>\n","protected":false},"excerpt":{"rendered":"<p>Auftragsrabatt auf Anfrage!<\/p>\n<p>passend f\u00fcr LV4..\/LV5.., GV400\/500<br \/>\nzum Verschlie\u00dfen nicht mehr ben\u00f6tigter Ausschnitte oder Vorbereitung zuk\u00fcnftigen Bedarfs.<\/p>\n","protected":false},"featured_media":1382,"template":"","meta":[],"product_brand":[],"product_cat":[40,67],"product_tag":[],"class_list":{"0":"post-1390","1":"product","2":"type-product","3":"status-publish","4":"has-post-thumbnail","6":"product_cat-schaltschrankklimatisierung","7":"product_cat-zubehoer","9":"first","10":"outofstock","11":"taxable","12":"shipping-taxable","13":"product-type-simple"},"_links":{"self":[{"href":"https:\/\/www.bevmat.eu\/bevmatshop\/index.php?rest_route=\/wp\/v2\/product\/1390","targetHints":{"allow":["GET"]}}],"collection":[{"href":"https:\/\/www.bevmat.eu\/bevmatshop\/index.php?rest_route=\/wp\/v2\/product"}],"about":[{"href":"https:\/\/www.bevmat.eu\/bevmatshop\/index.php?rest_route=\/wp\/v2\/types\/product"}],"wp:featuredmedia":[{"embeddable":true,"href":"https:\/\/www.bevmat.eu\/bevmatshop\/index.php?rest_route=\/wp\/v2\/media\/1382"}],"wp:attachment":[{"href":"https:\/\/www.bevmat.eu\/bevmatshop\/index.php?rest_route=%2Fwp%2Fv2%2Fmedia&parent=1390"}],"wp:term":[{"taxonomy":"product_brand","embeddable":true,"href":"https:\/\/www.bevmat.eu\/bevmatshop\/index.php?rest_route=%2Fwp%2Fv2%2Fproduct_brand&post=1390"},{"taxonomy":"product_cat","embeddable":true,"href":"https:\/\/www.bevmat.eu\/bevmatshop\/index.php?rest_route=%2Fwp%2Fv2%2Fproduct_cat&post=1390"},{"taxonomy":"product_tag","embeddable":true,"href":"https:\/\/www.bevmat.eu\/bevmatshop\/index.php?rest_route=%2Fwp%2Fv2%2Fproduct_tag&post=1390"}],"curies":[{"name":"wp","href":"https:\/\/api.w.org\/{rel}","templated":true}]}}