{"id":19438,"date":"2022-12-09T13:48:50","date_gmt":"2022-12-09T12:48:50","guid":{"rendered":"https:\/\/www.bevmat.eu\/bevmatshop\/?post_type=product&#038;p=19438"},"modified":"2022-12-10T09:32:10","modified_gmt":"2022-12-10T08:32:10","slug":"schutzhelm-standard-1-000v-weiss","status":"publish","type":"product","link":"https:\/\/www.bevmat.eu\/bevmatshop\/?product=schutzhelm-standard-1-000v-weiss","title":{"rendered":"Schutzhelm Standard | 1.000V | wei\u00df"},"content":{"rendered":"<p>Gr\u00f6\u00dfeneinstellung mittels Drehrad (Einhandbedienung)<\/p>\n<p>elektrische Isolation bis 1.000V<br \/>\nentspricht EN397 \/ UNE-EN50365:2003<\/p>\n<p>weitere Farben auf Anfrage!<br \/>\noptional erh\u00e4ltlich: Kinnriemen, Gesichts-Schutzschild<\/p>\n<p><img loading=\"lazy\" decoding=\"async\" src=\"https:\/\/www.bevmat.eu\/bevmatshop\/wp-content\/uploads\/2022\/11\/Sofamel1_colour-300x119.jpg\" alt=\"\" width=\"300\" height=\"119\" class=\"alignnone size-medium wp-image-18206\" srcset=\"https:\/\/www.bevmat.eu\/bevmatshop\/wp-content\/uploads\/2022\/11\/Sofamel1_colour-300x119.jpg 300w, https:\/\/www.bevmat.eu\/bevmatshop\/wp-content\/uploads\/2022\/11\/Sofamel1_colour-768x305.jpg 768w, https:\/\/www.bevmat.eu\/bevmatshop\/wp-content\/uploads\/2022\/11\/Sofamel1_colour-600x239.jpg 600w, https:\/\/www.bevmat.eu\/bevmatshop\/wp-content\/uploads\/2022\/11\/Sofamel1_colour.jpg 968w\" sizes=\"auto, (max-width: 300px) 100vw, 300px\" \/><\/p>\n<p>Hersteller: SOFAMEL<br \/>\nUrsprungsland: Spanien<br \/>\nSPE<\/p>\n","protected":false},"excerpt":{"rendered":"<p>Auftragsrabatt auf Anfrage!<\/p>\n","protected":false},"featured_media":19436,"template":"","meta":[],"product_brand":[],"product_cat":[355,336],"product_tag":[352,351],"class_list":{"0":"post-19438","1":"product","2":"type-product","3":"status-publish","4":"has-post-thumbnail","6":"product_cat-helme","7":"product_cat-psa","8":"product_tag-arbeitsschutz","9":"product_tag-helm","11":"first","12":"instock","13":"taxable","14":"shipping-taxable","15":"product-type-simple"},"_links":{"self":[{"href":"https:\/\/www.bevmat.eu\/bevmatshop\/index.php?rest_route=\/wp\/v2\/product\/19438","targetHints":{"allow":["GET"]}}],"collection":[{"href":"https:\/\/www.bevmat.eu\/bevmatshop\/index.php?rest_route=\/wp\/v2\/product"}],"about":[{"href":"https:\/\/www.bevmat.eu\/bevmatshop\/index.php?rest_route=\/wp\/v2\/types\/product"}],"wp:featuredmedia":[{"embeddable":true,"href":"https:\/\/www.bevmat.eu\/bevmatshop\/index.php?rest_route=\/wp\/v2\/media\/19436"}],"wp:attachment":[{"href":"https:\/\/www.bevmat.eu\/bevmatshop\/index.php?rest_route=%2Fwp%2Fv2%2Fmedia&parent=19438"}],"wp:term":[{"taxonomy":"product_brand","embeddable":true,"href":"https:\/\/www.bevmat.eu\/bevmatshop\/index.php?rest_route=%2Fwp%2Fv2%2Fproduct_brand&post=19438"},{"taxonomy":"product_cat","embeddable":true,"href":"https:\/\/www.bevmat.eu\/bevmatshop\/index.php?rest_route=%2Fwp%2Fv2%2Fproduct_cat&post=19438"},{"taxonomy":"product_tag","embeddable":true,"href":"https:\/\/www.bevmat.eu\/bevmatshop\/index.php?rest_route=%2Fwp%2Fv2%2Fproduct_tag&post=19438"}],"curies":[{"name":"wp","href":"https:\/\/api.w.org\/{rel}","templated":true}]}}