{"id":19446,"date":"2022-12-09T14:17:10","date_gmt":"2022-12-09T13:17:10","guid":{"rendered":"https:\/\/www.bevmat.eu\/bevmatshop\/?post_type=product&#038;p=19446"},"modified":"2022-12-12T11:47:56","modified_gmt":"2022-12-12T10:47:56","slug":"elektriker-handschuh-klasse-4-36kv","status":"publish","type":"product","link":"https:\/\/www.bevmat.eu\/bevmatshop\/?product=elektriker-handschuh-klasse-4-36kv","title":{"rendered":"Elektriker Handschuh | Klasse 4 | 36kV"},"content":{"rendered":"<p>elektrische Isolation (Class 4): 36.000V AC<br \/>\nelektrische Pr\u00fcfspannung: 40kV AC<br \/>\nHandschuh-L\u00e4nge: 410mm<br \/>\nFarbe: Au\u00dfen: rot | Innen: schwarz<br \/>\nsehr guter Schutz gegen Lichtbogen bei Kurzschluss<br \/>\n\u00d6l und S\u00e4urebest\u00e4ndig, f\u00fcr tiefe Temperaturen geeignet<\/p>\n<p>entspricht IEC 60903 | EN 60903 | IEC 61482-1-2<\/p>\n<p>Standard Gr\u00f6\u00dfe: 9 und 10<br \/>\nandere Gr\u00f6\u00dfen auf Anfrage: 7,8,11,12<\/p>\n<p><img loading=\"lazy\" decoding=\"async\" src=\"https:\/\/www.bevmat.eu\/bevmatshop\/wp-content\/uploads\/2022\/11\/Sofamel1_colour-300x119.jpg\" alt=\"\" width=\"300\" height=\"119\" class=\"alignnone size-medium wp-image-18206\" srcset=\"https:\/\/www.bevmat.eu\/bevmatshop\/wp-content\/uploads\/2022\/11\/Sofamel1_colour-300x119.jpg 300w, https:\/\/www.bevmat.eu\/bevmatshop\/wp-content\/uploads\/2022\/11\/Sofamel1_colour-768x305.jpg 768w, https:\/\/www.bevmat.eu\/bevmatshop\/wp-content\/uploads\/2022\/11\/Sofamel1_colour-600x239.jpg 600w, https:\/\/www.bevmat.eu\/bevmatshop\/wp-content\/uploads\/2022\/11\/Sofamel1_colour.jpg 968w\" sizes=\"auto, (max-width: 300px) 100vw, 300px\" \/><\/p>\n<p>Hersteller: SOFAMEL<br \/>\nUrsprungsland: Spanien<br \/>\nSGM<\/p>\n","protected":false},"excerpt":{"rendered":"<p>Auftragsrabatt auf Anfrage!<\/p>\n","protected":false},"featured_media":19442,"template":"","meta":[],"product_brand":[],"product_cat":[354,336],"product_tag":[352,368,353,369],"class_list":{"0":"post-19446","1":"product","2":"type-product","3":"status-publish","4":"has-post-thumbnail","6":"product_cat-handschuhe","7":"product_cat-psa","8":"product_tag-arbeitsschutz","9":"product_tag-class-4","10":"product_tag-handschuhe","11":"product_tag-klasse-4","13":"first","14":"instock","15":"taxable","16":"shipping-taxable","17":"product-type-simple"},"_links":{"self":[{"href":"https:\/\/www.bevmat.eu\/bevmatshop\/index.php?rest_route=\/wp\/v2\/product\/19446","targetHints":{"allow":["GET"]}}],"collection":[{"href":"https:\/\/www.bevmat.eu\/bevmatshop\/index.php?rest_route=\/wp\/v2\/product"}],"about":[{"href":"https:\/\/www.bevmat.eu\/bevmatshop\/index.php?rest_route=\/wp\/v2\/types\/product"}],"wp:featuredmedia":[{"embeddable":true,"href":"https:\/\/www.bevmat.eu\/bevmatshop\/index.php?rest_route=\/wp\/v2\/media\/19442"}],"wp:attachment":[{"href":"https:\/\/www.bevmat.eu\/bevmatshop\/index.php?rest_route=%2Fwp%2Fv2%2Fmedia&parent=19446"}],"wp:term":[{"taxonomy":"product_brand","embeddable":true,"href":"https:\/\/www.bevmat.eu\/bevmatshop\/index.php?rest_route=%2Fwp%2Fv2%2Fproduct_brand&post=19446"},{"taxonomy":"product_cat","embeddable":true,"href":"https:\/\/www.bevmat.eu\/bevmatshop\/index.php?rest_route=%2Fwp%2Fv2%2Fproduct_cat&post=19446"},{"taxonomy":"product_tag","embeddable":true,"href":"https:\/\/www.bevmat.eu\/bevmatshop\/index.php?rest_route=%2Fwp%2Fv2%2Fproduct_tag&post=19446"}],"curies":[{"name":"wp","href":"https:\/\/api.w.org\/{rel}","templated":true}]}}